{"id":322672,"date":"2025-09-08T09:31:04","date_gmt":"2025-09-08T07:31:04","guid":{"rendered":"https:\/\/soffita.com\/preprod\/?page_id=322672"},"modified":"2025-09-08T09:57:56","modified_gmt":"2025-09-08T07:57:56","slug":"mentions-legales","status":"publish","type":"page","link":"https:\/\/soffita.com\/preprod\/mentions-legales\/","title":{"rendered":"Mentions l\u00e9gales"},"content":{"rendered":"<p>[et_pb_section fb_built=\u00a0\u00bb1&Prime; custom_padding_last_edited=\u00a0\u00bbon|phone\u00a0\u00bb _builder_version=\u00a0\u00bb4.27.4&Prime; _module_preset=\u00a0\u00bbdefault\u00a0\u00bb custom_padding=\u00a0\u00bb130px||10px||false|false\u00a0\u00bb custom_padding_tablet=\u00a0\u00bb150px||||false|false\u00a0\u00bb custom_padding_phone=\u00a0\u00bb100px||||false|false\u00a0\u00bb global_colors_info=\u00a0\u00bb{}\u00a0\u00bb][et_pb_row column_structure=\u00a0\u00bb3_4,1_4&Prime; use_custom_gutter=\u00a0\u00bbon\u00a0\u00bb gutter_width=\u00a0\u00bb1&Prime; _builder_version=\u00a0\u00bb4.27.4&Prime; _module_preset=\u00a0\u00bbdefault\u00a0\u00bb width=\u00a0\u00bb85%\u00a0\u00bb max_width=\u00a0\u00bb1400px\u00a0\u00bb custom_padding=\u00a0\u00bb||19px|||\u00a0\u00bb hover_enabled=\u00a0\u00bb0&Prime; locked=\u00a0\u00bboff\u00a0\u00bb global_colors_info=\u00a0\u00bb{}\u00a0\u00bb sticky_enabled=\u00a0\u00bb0&Prime;][et_pb_column type=\u00a0\u00bb3_4&Prime; _builder_version=\u00a0\u00bb4.27.4&Prime; _module_preset=\u00a0\u00bbdefault\u00a0\u00bb global_colors_info=\u00a0\u00bb{}\u00a0\u00bb][et_pb_text _builder_version=\u00a0\u00bb4.27.4&Prime; _module_preset=\u00a0\u00bbdefault\u00a0\u00bb header_font=\u00a0\u00bbInstrument sans||||||||\u00a0\u00bb custom_margin=\u00a0\u00bb||17px|||\u00a0\u00bb hover_enabled=\u00a0\u00bb0&Prime; header_font_size_tablet=\u00a0\u00bb45px\u00a0\u00bb header_font_size_phone=\u00a0\u00bb35px\u00a0\u00bb header_font_size_last_edited=\u00a0\u00bbon|tablet\u00a0\u00bb locked=\u00a0\u00bboff\u00a0\u00bb global_colors_info=\u00a0\u00bb{}\u00a0\u00bb sticky_enabled=\u00a0\u00bb0&Prime;]<\/p>\n<h1>Mentions <em><span class=\"script-font\">L\u00e9gales <\/span><\/em><\/h1>\n<p>[\/et_pb_text][\/et_pb_column][et_pb_column type=\u00a0\u00bb1_4&Prime; disabled_on=\u00a0\u00bbon|on|off\u00a0\u00bb _builder_version=\u00a0\u00bb4.27.4&Prime; _module_preset=\u00a0\u00bbdefault\u00a0\u00bb global_colors_info=\u00a0\u00bb{}\u00a0\u00bb][\/et_pb_column][\/et_pb_row][\/et_pb_section][et_pb_section fb_built=\u00a0\u00bb1&Prime; custom_padding_last_edited=\u00a0\u00bbon|tablet\u00a0\u00bb _builder_version=\u00a0\u00bb4.27.4&Prime; _module_preset=\u00a0\u00bbdefault\u00a0\u00bb custom_padding_tablet=\u00a0\u00bb0px||||false|false\u00a0\u00bb custom_padding_phone=\u00a0\u00bb0px||||false|false\u00a0\u00bb hover_enabled=\u00a0\u00bb0&Prime; global_colors_info=\u00a0\u00bb{}\u00a0\u00bb sticky_enabled=\u00a0\u00bb0&Prime;][et_pb_row custom_padding_last_edited=\u00a0\u00bbon|phone\u00a0\u00bb _builder_version=\u00a0\u00bb4.27.4&Prime; _module_preset=\u00a0\u00bbdefault\u00a0\u00bb width=\u00a0\u00bb85%\u00a0\u00bb width_tablet=\u00a0\u00bb95%\u00a0\u00bb width_phone=\u00a0\u00bb95%\u00a0\u00bb width_last_edited=\u00a0\u00bbon|tablet\u00a0\u00bb max_width=\u00a0\u00bb1400px\u00a0\u00bb max_width_tablet=\u00a0\u00bb95%\u00a0\u00bb max_width_phone=\u00a0\u00bb95%\u00a0\u00bb max_width_last_edited=\u00a0\u00bbon|tablet\u00a0\u00bb custom_padding_tablet=\u00a0\u00bb\u00a0\u00bb custom_padding_phone=\u00a0\u00bb10px||||false|false\u00a0\u00bb hover_enabled=\u00a0\u00bb0&Prime; global_colors_info=\u00a0\u00bb{}\u00a0\u00bb sticky_enabled=\u00a0\u00bb0&Prime;][et_pb_column type=\u00a0\u00bb4_4&Prime; _builder_version=\u00a0\u00bb4.27.4&Prime; _module_preset=\u00a0\u00bbdefault\u00a0\u00bb global_colors_info=\u00a0\u00bb{}\u00a0\u00bb][et_pb_text _builder_version=\u00a0\u00bb4.27.4&Prime; _module_preset=\u00a0\u00bbdefault\u00a0\u00bb hover_enabled=\u00a0\u00bb0&Prime; sticky_enabled=\u00a0\u00bb0&Prime; header_3_font_size_last_edited=\u00a0\u00bbon|phone\u00a0\u00bb header_3_font_size=\u00a0\u00bb23px\u00a0\u00bb global_colors_info=\u00a0\u00bb{%22gcid-secondary-color%22:%91%22link_text_color%22%93}\u00a0\u00bb link_text_color=\u00a0\u00bbgcid-secondary-color\u00a0\u00bb header_3_font_size_tablet=\u00a0\u00bb21px\u00a0\u00bb header_3_font_size_phone=\u00a0\u00bb18px\u00a0\u00bb header_3_line_height=\u00a0\u00bb1.3em\u00a0\u00bb]<\/p>\n<p>Vous venez d\u2019acc\u00e9der au site internet de SOFFITA Sarl<\/p>\n<p>Immatriculation au RCS: 494 753 239 R.C.S. Romans<br \/>Date d&rsquo;immatriculation : le 07\/10\/2022<br \/>Date d&rsquo;immatriculation d&rsquo;origine : 09\/06\/2009<br \/>Domiciliation si\u00e8ge social : R\u00e9sidence St Roch, 3 rue Sans Pain 26220 Dieulefit<\/p>\n<p>En acc\u00e9dant au site <a href=\"https:\/\/soffita.com\/\">https:\/\/soffita.com\/<\/a> et en le consultant, vous reconnaissez avoir pris connaissance et accept\u00e9 les pr\u00e9sentes conditions d\u2019utilisation.<\/p>\n<h3>CONDITIONS D\u2019UTILISTATION :<\/h3>\n<p>Le prestataire assurant l\u2019h\u00e9bergement de ce site internet est la soci\u00e9t\u00e9 O.V.H., dont le si\u00e8ge social est situ\u00e9 2 rue Kellermann, 59100 Roubaix, France (https:\/\/www.ovh.com).<br \/>Le site <a href=\"https:\/\/soffita.com\/\">https:\/\/soffita.com\/<\/a> est un site de pr\u00e9sentation, dont l\u2019objet est de fournir des informations sur la soci\u00e9t\u00e9 Soffita, ses activit\u00e9s et ses collaborateurs.<br \/>Le site <a href=\"https:\/\/soffita.com\/\">https:\/\/soffita.com\/<\/a> ainsi que son contenu \u00e9ditorial sont prot\u00e9g\u00e9s par le Code de la Propri\u00e9t\u00e9 Intellectuelle et appartiennent \u00e0 SOFFITA Sarl.<br \/>Le t\u00e9l\u00e9chargement ou la reproduction de tout ou partie des \u00e9l\u00e9ments contenus sur ce site ne sont autoris\u00e9s que pour un usage personnel, priv\u00e9 et non commercial et sous r\u00e9serve du respect des droits de propri\u00e9t\u00e9 intellectuelle de <a href=\"https:\/\/soffita.com\/\">https:\/\/soffita.com\/<\/a>.<br \/>A l\u2019exception de cet usage, toute reproduction, distribution, modification, adaptation, retransmission, diffusion, communication ou publication, m\u00eame partielle, des \u00e9l\u00e9ments contenus sur ce site est strictement interdite sans l\u2019accord \u00e9crit de SOFFITA Sarl.<br \/>Les droits d\u2019auteur sur les illustrations et photographies reproduites dans la cat\u00e9gorie Actualit\u00e9s du site appartiennent \u00e0 leurs auteurs respectifs. Ces illustrations et photographies sont utilis\u00e9es conform\u00e9ment aux autorisations consenties.<br \/>La marque Soffita est la propri\u00e9t\u00e9 de SOFFITA Sarl.<br \/>Toutes utilisations de la marque Soffita sans autorisation expresse de SOFFITA Sarl est interdite.<br \/>Les donn\u00e9es disponibles sur le site sont communiqu\u00e9es \u00e0 titre de simple information g\u00e9n\u00e9rale et ne sauraient \u00eatre exhaustives ou engager d\u2019une quelconque fa\u00e7on la responsabilit\u00e9 de Soffita .<\/p>\n<h3>POLITIQUE DE GESTION DES COOKIES :<\/h3>\n<p>Selon la Commission Nationale Informatique et Libert\u00e9s \u2013 C.N.I.L. -, \u00ab Un cookie est une suite d\u2019informations, g\u00e9n\u00e9ralement de petite taille et identifi\u00e9 par un nom, qui peut \u00eatre transmis \u00e0 votre navigateur par un site web sur lequel vous vous connectez. Votre navigateur web le conservera pendant une certaine dur\u00e9e, et le renverra au serveur web chaque fois que vous vous y reconnecterez. Les cookies ont de multiples usages : ils peuvent servir \u00e0 m\u00e9moriser votre identifiant client aupr\u00e8s d\u2019un site marchand, le contenu courant de votre panier d\u2019achat, un identifiant permettant de tracer votre navigation pour des finalit\u00e9s statistiques ou publicitaires, etc \u00bb<br \/>Pour davantage d\u2019informations sur les cookies et la fa\u00e7on de les ma\u00eetriser, nous vous recommandons de consulter le site de la Commission Nationale Informatique et Libert\u00e9s \u2013 C.N.I.L. \u2013 https:\/\/wwwcnil.fr\/fr\/cookies-les-outils-pour-les-maitriser \u2013 ainsi que les pages d\u2019aide et de param\u00e9trage de votre navigateur.<br \/>En acc\u00e9dant au site https:\/\/soffita.com\/, des cookies vont \u00eatre utilis\u00e9s par nos syst\u00e8mes et par les syst\u00e8mes de certains de nos prestataires.<br \/>Le site https:\/\/soffita.com\/ utilise des cookies en internes qui sont n\u00e9cessaires pour le fonctionnement du site de mani\u00e8re optimale. Ces cookies ne collectent aucune information personnelle. Refuser l\u2019usage de ces cookies rendrait impossible la navigation sur le site.<br \/>Le site https:\/\/soffita.com\/ n\u2019utilise pas de cookies analytiques et\/ou de performance. D\u2019autres cookies peuvent \u00eatre utilis\u00e9s par les r\u00e9seaux sociaux Linkedln, Viadeo, Vimeo et Twitter (ces cookies ont pour finalit\u00e9 de faciliter le partage de contenu su site vers ces r\u00e9seaux sociaux). Ces cookies ne sont pas g\u00e9r\u00e9s directement par le site https:\/\/soffita.com\/. Pour refuser ces cookies, nous vous invitons \u00e0 consulter les outils de param\u00e9trage de votre navigateur.<br \/>Le site https:\/\/soffita.com\/ n\u2019utilise pas de cookies publicitaires.<br \/>La dur\u00e9e de validit\u00e9 de votre consentement \u00e9ventuel, et la dur\u00e9e de conservation des cookies, est d\u2019une dur\u00e9e de 13 mois maximum.<br \/>Politique de protection des donn\u00e9es personnelles<br \/>Responsable du traitement des donn\u00e9es personnelles. Le responsable du traitement des donn\u00e9es personnelles est Soffita, dont le si\u00e8ge social est situ\u00e9 \u00e0 : R\u00e9sidence St Roch, 3 rue Sans Pain 26220 Dieulefit.<\/p>\n<h3>DONN\u00c9ES PERSONNELLES COLLECT\u00c9ES :<\/h3>\n<p>Via le formulaire de contact du site de Soffita ne collecte et ne traite que les donn\u00e9es strictement n\u00e9cessaires \u00e0 la prise en compte de votre demande de contact, \u00e0 savoir vos nom et\/ou pr\u00e9nom, une adresse de courrier \u00e9lectronique et un num\u00e9ro de t\u00e9l\u00e9phone.<\/p>\n<p>Finalit\u00e9 de la collecte<br \/>Les donn\u00e9es personnelles collect\u00e9es via le formulaire de contact sont trait\u00e9es exclusivement pour les finalit\u00e9s suivantes :<br \/>1- La prise en compte de votre demande de contact et la r\u00e9ponse \u00e0 y apporter, et<br \/>2- de mani\u00e8re non syst\u00e9matique, la mise en \u0153uvre de notre politique de suivi de la qualit\u00e9, qui peut engendrer l\u2019envoi ponctuel d\u2019un questionnaire de satisfaction. Les donn\u00e9es personnelles collect\u00e9es sur le site de Soffita ne font l\u2019objet d\u2019aucun traitement \u00e0 finalit\u00e9 commerciale de quelque sorte que ce soit.<\/p>\n<p>Destinataires des donn\u00e9es personnelles<br \/>Les donn\u00e9es personnelles collect\u00e9es sur le site https:\/\/soffita.com\/ ne sont communiqu\u00e9es qu\u2019\u00e0 des destinataires habilit\u00e9s du Fonds pour la Conservation des Rivi\u00e8res Sauvages \u2013 Fonds de Dotation \u2013 dans le respect des r\u00e8gles de confidentialit\u00e9, du secret de la correspondance de la vie priv\u00e9e et du R\u00e8glement G\u00e9n\u00e9ral de Protection des Donn\u00e9es \u2013 R.G.P.D. \u2013 . Les donn\u00e9es personnelles collect\u00e9es sur le site https:\/\/soffita.com\/ ne sont en aucun cas transmises ou transf\u00e9r\u00e9es \u00e0 des tiers. Les h\u00e9bergeurs des donn\u00e9es personnelles collect\u00e9es sur le site https:https:\/\/soffita.com\/ sont identifi\u00e9s ci-apr\u00e8s.<\/p>\n<p>Conservation des donn\u00e9es personnelles<br \/>Les donn\u00e9es personnelles collect\u00e9es sur le site https:\/\/soffita.com\/ ne sont conserv\u00e9es que pour la dur\u00e9e n\u00e9cessaire aux finalit\u00e9s pour lesquelles elles ont \u00e9t\u00e9 collect\u00e9es.<\/p>\n<h3>H\u00c9BERGEMENT DES DONN\u00c9ES PERSONNELLES<\/h3>\n<p>Les donn\u00e9es personnelles collect\u00e9es via le formulaire de contact sont h\u00e9berg\u00e9es par la soci\u00e9t\u00e9 O.V.H., dont le si\u00e8ge social est situ\u00e9 2 rue Kellermann, 59100 Roubaix, France \u2013 https:\/\/www.ovh.com.<\/p>\n<h3>S\u00c9CURIT\u00c9 DES DONN\u00c9ES PERSONNELLES<\/h3>\n<p>Le Fonds de Dotation \u2013 Fonds pour la Conservation des Rivi\u00e8res Sauvages \u2013 assure la protection et la s\u00e9curit\u00e9 de vos donn\u00e9es personnelles gr\u00e2ce \u00e0 des syst\u00e8mes et des moyens physiques et\/ou logiques telles que des mesures de s\u00e9curit\u00e9 physique pour le contr\u00f4le d\u2019acc\u00e8s aux infrastructures sur lesquelles sont stock\u00e9es les donn\u00e9es personnelles, ou des proc\u00e9d\u00e9s d\u2019authentification forts des administrateurs habilit\u00e9s du Fonds de Dotation \u2013 Fonds pour la Conservation des Rivi\u00e8res Sauvages \u2013 Politique stricte de gestion et de s\u00e9curit\u00e9 des mots de passe -.<\/p>\n<h3>INFORMATION ET EXERCICE DE VOS DROITS<\/h3>\n<p>Conform\u00e9ment \u00e0 la r\u00e8glementation en vigueur, vous disposez d\u2019un droit d\u2019acc\u00e8s aux donn\u00e9es personnelles collect\u00e9es sur le site https:\/\/soffita.com\/, trait\u00e9es par SOFFITA Sarl \u2013 et h\u00e9berg\u00e9es par la soci\u00e9t\u00e9 O.V.H.<\/p>\n<p>Vous pouvez \u00e9galement obtenir la rectification ou l\u2019effacement de vos donn\u00e9es personnelles ou exercer votre droit d\u2019opposition. Pour exercer vos droits, contactez-nous par courrier postal \u00e0 l\u2019adresse : SOFFITA Sarl \u2013 R\u00e9sidence St Roch, 3 rue Sans Pain 26220 Dieulefit ou par courrier \u00e9lectronique \u00e0 : <a href=\"mailto:sg@soffita.com\">sg@soffita.com<\/a>, en mentionnant dans l\u2019objet du courrier \u00ab Droit d\u2019acc\u00e8s aux donn\u00e9es personnelles \u00ab , en joignant la copie d\u2019un justificatif d\u2019identit\u00e9 et en pr\u00e9cisant une adresse postale ou \u00e9lectronique de r\u00e9ponse.<\/p>\n<p>[\/et_pb_text][\/et_pb_column][\/et_pb_row][\/et_pb_section]<\/p>\n","protected":false},"excerpt":{"rendered":"<p>Mentions L\u00e9gales Vous venez d\u2019acc\u00e9der au site internet de SOFFITA Sarl Immatriculation au RCS: 494 753 239 R.C.S. RomansDate d&rsquo;immatriculation : le 07\/10\/2022Date d&rsquo;immatriculation d&rsquo;origine : 09\/06\/2009Domiciliation si\u00e8ge social : R\u00e9sidence St Roch, 3 rue Sans Pain 26220 Dieulefit En acc\u00e9dant au site https:\/\/soffita.com\/ et en le consultant, vous reconnaissez avoir pris connaissance et accept\u00e9 les pr\u00e9sentes conditions d\u2019utilisation. CONDITIONS D\u2019UTILISTATION : Le prestataire assurant l\u2019h\u00e9bergement de ce site internet est la soci\u00e9t\u00e9 O.V.H., dont le si\u00e8ge social est situ\u00e9 2 rue Kellermann, 59100 Roubaix, France (https:\/\/www.ovh.com).Le site https:\/\/soffita.com\/ est un site de pr\u00e9sentation, dont l\u2019objet est de fournir des informations sur la soci\u00e9t\u00e9 Soffita, ses activit\u00e9s et ses collaborateurs.Le site https:\/\/soffita.com\/ ainsi que son contenu \u00e9ditorial sont prot\u00e9g\u00e9s par le Code de la Propri\u00e9t\u00e9 Intellectuelle et appartiennent \u00e0 SOFFITA Sarl.Le t\u00e9l\u00e9chargement ou la reproduction de tout ou partie des \u00e9l\u00e9ments contenus sur ce site ne sont autoris\u00e9s que pour un usage personnel, priv\u00e9 et non commercial et sous r\u00e9serve du respect des droits de propri\u00e9t\u00e9 intellectuelle de https:\/\/soffita.com\/.A l\u2019exception de cet usage, toute reproduction, distribution, modification, adaptation, retransmission, diffusion, communication ou publication, m\u00eame partielle, des \u00e9l\u00e9ments contenus sur ce site est strictement interdite sans l\u2019accord \u00e9crit de SOFFITA Sarl.Les [&hellip;]<\/p>\n","protected":false},"author":1,"featured_media":0,"parent":0,"menu_order":0,"comment_status":"closed","ping_status":"closed","template":"","meta":{"_et_pb_use_builder":"on","_et_pb_old_content":"","_et_gb_content_width":"","footnotes":""},"class_list":["post-322672","page","type-page","status-publish","hentry"],"_links":{"self":[{"href":"https:\/\/soffita.com\/preprod\/wp-json\/wp\/v2\/pages\/322672","targetHints":{"allow":["GET"]}}],"collection":[{"href":"https:\/\/soffita.com\/preprod\/wp-json\/wp\/v2\/pages"}],"about":[{"href":"https:\/\/soffita.com\/preprod\/wp-json\/wp\/v2\/types\/page"}],"author":[{"embeddable":true,"href":"https:\/\/soffita.com\/preprod\/wp-json\/wp\/v2\/users\/1"}],"replies":[{"embeddable":true,"href":"https:\/\/soffita.com\/preprod\/wp-json\/wp\/v2\/comments?post=322672"}],"version-history":[{"count":4,"href":"https:\/\/soffita.com\/preprod\/wp-json\/wp\/v2\/pages\/322672\/revisions"}],"predecessor-version":[{"id":322677,"href":"https:\/\/soffita.com\/preprod\/wp-json\/wp\/v2\/pages\/322672\/revisions\/322677"}],"wp:attachment":[{"href":"https:\/\/soffita.com\/preprod\/wp-json\/wp\/v2\/media?parent=322672"}],"curies":[{"name":"wp","href":"https:\/\/api.w.org\/{rel}","templated":true}]}}